{"id":308,"date":"2026-03-29T18:24:14","date_gmt":"2026-03-29T16:24:14","guid":{"rendered":"https:\/\/canelacrafty.com\/?post_type=product&#038;p=308"},"modified":"2026-03-29T18:24:14","modified_gmt":"2026-03-29T16:24:14","slug":"jardin-de-las-hadas-ebook-6-en-1","status":"publish","type":"product","link":"https:\/\/canelacrafty.com\/?product=jardin-de-las-hadas-ebook-6-en-1","title":{"rendered":"Jard\u00edn de Las Hadas &#8211; Ebook 6 en 1"},"content":{"rendered":"<ul>\n<li><span class=\"s2\">Patr\u00f3n Digital (PDF) con instrucciones paso a paso, fotos, tips y t\u00e9cnicas para realizar el amigurumi.<\/span><\/li>\n<\/ul>\n<ul class=\"ul1\">\n<li class=\"li1\"><span class=\"s2\">El precio corresponde al archivo digital (no al producto f\u00edsico)\u00a0<\/span><\/li>\n<li class=\"li1\"><span class=\"s2\">Al comprar un archivo digital en PREVENTA est\u00e1s aceptando recibir el mismo en la fecha anunciada en la informaci\u00f3n de la preventa (sin excepciones)<\/span><\/li>\n<li class=\"li1\"><span class=\"s2\">No se realizan cambios, devoluciones ni reembolsos por errores de compra.<\/span><\/li>\n<li class=\"li1\"><span class=\"s2\">No est\u00e1 permitido modificar o traducir el contenido digital de este archivo bajo ninguna circunstancia.<\/span><\/li>\n<li class=\"li1\"><span class=\"s2\">Puedes vender tus gumis terminados (productos f\u00edsicos) siempre y cuando des los cr\u00e9ditos correspondientes a Canela Crafty como dise\u00f1adora.<\/span><\/li>\n<\/ul>\n","protected":false},"excerpt":{"rendered":"<ul class=\"ul1\">\n<li>Incluye 6 dise\u00f1os de hadas<\/li>\n<li>Colaboraci\u00f3n: @canelacrafty &#8211; @najeracrochet &#8211; @amigurumi_ak<\/li>\n<li class=\"li1\"><span class=\"s2\">Idiomas: ESPA\u00d1OL<\/span><\/li>\n<li class=\"li1\"><span class=\"s2\">Tama\u00f1o: \u00a018 cm\u00a0<\/span><\/li>\n<li class=\"li1\"><span class=\"s2\">Material: Acr\u00edlico\/Algod\u00f3n &#8211; 2.00 mm<\/span><\/li>\n<li class=\"li1\"><span class=\"s2\">Dificultad: Avanzado<\/span><\/li>\n<\/ul>\n","protected":false},"featured_media":309,"comment_status":"open","ping_status":"closed","template":"","meta":{"_uag_custom_page_level_css":"","site-sidebar-layout":"default","site-content-layout":"","ast-site-content-layout":"default","site-content-style":"default","site-sidebar-style":"default","ast-global-header-display":"","ast-banner-title-visibility":"","ast-main-header-display":"","ast-hfb-above-header-display":"","ast-hfb-below-header-display":"","ast-hfb-mobile-header-display":"","site-post-title":"","ast-breadcrumbs-content":"","ast-featured-img":"","footer-sml-layout":"","ast-disable-related-posts":"","theme-transparent-header-meta":"default","adv-header-id-meta":"","stick-header-meta":"","header-above-stick-meta":"","header-main-stick-meta":"","header-below-stick-meta":"","astra-migrate-meta-layouts":"set","ast-page-background-enabled":"default","ast-page-background-meta":{"desktop":{"background-color":"var(--ast-global-color-5)","background-image":"","background-repeat":"repeat","background-position":"center center","background-size":"auto","background-attachment":"scroll","background-type":"","background-media":"","overlay-type":"","overlay-color":"","overlay-opacity":"","overlay-gradient":""},"tablet":{"background-color":"","background-image":"","background-repeat":"repeat","background-position":"center center","background-size":"auto","background-attachment":"scroll","background-type":"","background-media":"","overlay-type":"","overlay-color":"","overlay-opacity":"","overlay-gradient":""},"mobile":{"background-color":"","background-image":"","background-repeat":"repeat","background-position":"center center","background-size":"auto","background-attachment":"scroll","background-type":"","background-media":"","overlay-type":"","overlay-color":"","overlay-opacity":"","overlay-gradient":""}},"ast-content-background-meta":{"desktop":{"background-color":"var(--ast-global-color-4)","background-image":"","background-repeat":"repeat","background-position":"center center","background-size":"auto","background-attachment":"scroll","background-type":"","background-media":"","overlay-type":"","overlay-color":"","overlay-opacity":"","overlay-gradient":""},"tablet":{"background-color":"var(--ast-global-color-4)","background-image":"","background-repeat":"repeat","background-position":"center center","background-size":"auto","background-attachment":"scroll","background-type":"","background-media":"","overlay-type":"","overlay-color":"","overlay-opacity":"","overlay-gradient":""},"mobile":{"background-color":"var(--ast-global-color-4)","background-image":"","background-repeat":"repeat","background-position":"center center","background-size":"auto","background-attachment":"scroll","background-type":"","background-media":"","overlay-type":"","overlay-color":"","overlay-opacity":"","overlay-gradient":""}}},"product_brand":[],"product_cat":[27],"product_tag":[42,37,40,39,38,41],"class_list":{"0":"post-308","1":"product","2":"type-product","3":"status-publish","4":"has-post-thumbnail","6":"product_cat-ebook","7":"product_tag-fawn","8":"product_tag-hadas","9":"product_tag-rosetta","10":"product_tag-silvermist","11":"product_tag-tinkerbell","12":"product_tag-vidia","13":"desktop-align-left","14":"tablet-align-left","15":"mobile-align-left","17":"first","18":"instock","19":"downloadable","20":"virtual","21":"sold-individually","22":"purchasable","23":"product-type-simple"},"uagb_featured_image_src":{"full":["https:\/\/canelacrafty.com\/wp-content\/uploads\/2026\/03\/IMG_8763-scaled.jpeg",1918,2560,false],"thumbnail":["https:\/\/canelacrafty.com\/wp-content\/uploads\/2026\/03\/IMG_8763-150x150.jpeg",150,150,true],"medium":["https:\/\/canelacrafty.com\/wp-content\/uploads\/2026\/03\/IMG_8763-225x300.jpeg",225,300,true],"medium_large":["https:\/\/canelacrafty.com\/wp-content\/uploads\/2026\/03\/IMG_8763-768x1025.jpeg",768,1025,true],"large":["https:\/\/canelacrafty.com\/wp-content\/uploads\/2026\/03\/IMG_8763-767x1024.jpeg",767,1024,true],"1536x1536":["https:\/\/canelacrafty.com\/wp-content\/uploads\/2026\/03\/IMG_8763-1151x1536.jpeg",1151,1536,true],"2048x2048":["https:\/\/canelacrafty.com\/wp-content\/uploads\/2026\/03\/IMG_8763-1534x2048.jpeg",1534,2048,true],"woocommerce_thumbnail":["https:\/\/canelacrafty.com\/wp-content\/uploads\/2026\/03\/IMG_8763-300x300.jpeg",300,300,true],"woocommerce_single":["https:\/\/canelacrafty.com\/wp-content\/uploads\/2026\/03\/IMG_8763-600x801.jpeg",600,801,true],"woocommerce_gallery_thumbnail":["https:\/\/canelacrafty.com\/wp-content\/uploads\/2026\/03\/IMG_8763-100x100.jpeg",100,100,true],"dgwt-wcas-product-suggestion":["https:\/\/canelacrafty.com\/wp-content\/uploads\/2026\/03\/IMG_8763-64x85.jpeg",64,85,true]},"uagb_author_info":{"display_name":"joyruizperez70@gmail.com","author_link":"https:\/\/canelacrafty.com\/?author=0"},"uagb_comment_info":0,"uagb_excerpt":"Incluye 6 dise\u00f1os de hadas Colaboraci\u00f3n: @canelacrafty - @najeracrochet - @amigurumi_ak Idiomas: ESPA\u00d1OL Tama\u00f1o: \u00a018 cm\u00a0 Material: Acr\u00edlico\/Algod\u00f3n - 2.00 mm Dificultad: Avanzado","jetpack_sharing_enabled":true,"_links":{"self":[{"href":"https:\/\/canelacrafty.com\/index.php?rest_route=\/wp\/v2\/product\/308","targetHints":{"allow":["GET"]}}],"collection":[{"href":"https:\/\/canelacrafty.com\/index.php?rest_route=\/wp\/v2\/product"}],"about":[{"href":"https:\/\/canelacrafty.com\/index.php?rest_route=\/wp\/v2\/types\/product"}],"replies":[{"embeddable":true,"href":"https:\/\/canelacrafty.com\/index.php?rest_route=%2Fwp%2Fv2%2Fcomments&post=308"}],"wp:featuredmedia":[{"embeddable":true,"href":"https:\/\/canelacrafty.com\/index.php?rest_route=\/wp\/v2\/media\/309"}],"wp:attachment":[{"href":"https:\/\/canelacrafty.com\/index.php?rest_route=%2Fwp%2Fv2%2Fmedia&parent=308"}],"wp:term":[{"taxonomy":"product_brand","embeddable":true,"href":"https:\/\/canelacrafty.com\/index.php?rest_route=%2Fwp%2Fv2%2Fproduct_brand&post=308"},{"taxonomy":"product_cat","embeddable":true,"href":"https:\/\/canelacrafty.com\/index.php?rest_route=%2Fwp%2Fv2%2Fproduct_cat&post=308"},{"taxonomy":"product_tag","embeddable":true,"href":"https:\/\/canelacrafty.com\/index.php?rest_route=%2Fwp%2Fv2%2Fproduct_tag&post=308"}],"curies":[{"name":"wp","href":"https:\/\/api.w.org\/{rel}","templated":true}]}}