{"id":422,"date":"2026-03-29T23:08:04","date_gmt":"2026-03-29T21:08:04","guid":{"rendered":"https:\/\/canelacrafty.com\/?post_type=product&#038;p=422"},"modified":"2026-03-29T23:08:04","modified_gmt":"2026-03-29T21:08:04","slug":"conejito-patron-digital","status":"publish","type":"product","link":"https:\/\/canelacrafty.com\/?product=conejito-patron-digital","title":{"rendered":"Conejito &#8211; Patr\u00f3n Digital"},"content":{"rendered":"<ul class=\"ul1\">\n<li class=\"li1\"><span class=\"s2\">Este patr\u00f3n solo incluye las instrucciones para crear el conejito (los outfits no est\u00e1n incluidos, los puedes encontrar en el E-book) <\/span><\/li>\n<li class=\"li1\"><span class=\"s2\">Patr\u00f3n Digital (PDF) con instrucciones paso a paso, fotos, tips y t\u00e9cnicas para realizar el amigurumi.<\/span><\/li>\n<li class=\"li1\"><span class=\"s2\">El precio corresponde al archivo digital (no al producto f\u00edsico)\u00a0<\/span><\/li>\n<li class=\"li1\"><span class=\"s2\">Al comprar un archivo digital en PREVENTA est\u00e1s aceptando recibir el mismo en la fecha anunciada en la informaci\u00f3n de la preventa (sin excepciones)<\/span><\/li>\n<li class=\"li1\"><span class=\"s2\">No se realizan cambios, devoluciones ni reembolsos por errores de compra.<\/span><\/li>\n<li class=\"li1\"><span class=\"s2\">No est\u00e1 permitido modificar o traducir el contenido digital de este archivo bajo ninguna circunstancia.<\/span><\/li>\n<li class=\"li1\"><span class=\"s2\">Puedes vender tus gumis terminados (productos f\u00edsicos) siempre y cuando des los cr\u00e9ditos correspondientes a Canela Crafty como dise\u00f1adora.<\/span><\/li>\n<\/ul>\n","protected":false},"excerpt":{"rendered":"<ul class=\"ul1\">\n<li class=\"li1\"><span class=\"s2\">Idiomas: ESPA\u00d1OL &#8211; INGL\u00c9S\u00a0<\/span><\/li>\n<li class=\"li1\"><span class=\"s2\">Tama\u00f1o: \u00a018 cm\u00a0<\/span><\/li>\n<li class=\"li1\"><span class=\"s2\">Material: Chenille &#8211; 5.50 mm<\/span><\/li>\n<li class=\"li1\"><span class=\"s2\">Dificultad: Principiante &#8211; Intermedio<\/span><\/li>\n<li>No incluye los outfits<\/li>\n<\/ul>\n","protected":false},"featured_media":423,"comment_status":"open","ping_status":"closed","template":"","meta":{"_uag_custom_page_level_css":"","site-sidebar-layout":"default","site-content-layout":"","ast-site-content-layout":"default","site-content-style":"default","site-sidebar-style":"default","ast-global-header-display":"","ast-banner-title-visibility":"","ast-main-header-display":"","ast-hfb-above-header-display":"","ast-hfb-below-header-display":"","ast-hfb-mobile-header-display":"","site-post-title":"","ast-breadcrumbs-content":"","ast-featured-img":"","footer-sml-layout":"","ast-disable-related-posts":"","theme-transparent-header-meta":"default","adv-header-id-meta":"","stick-header-meta":"","header-above-stick-meta":"","header-main-stick-meta":"","header-below-stick-meta":"","astra-migrate-meta-layouts":"set","ast-page-background-enabled":"default","ast-page-background-meta":{"desktop":{"background-color":"var(--ast-global-color-5)","background-image":"","background-repeat":"repeat","background-position":"center center","background-size":"auto","background-attachment":"scroll","background-type":"","background-media":"","overlay-type":"","overlay-color":"","overlay-opacity":"","overlay-gradient":""},"tablet":{"background-color":"","background-image":"","background-repeat":"repeat","background-position":"center center","background-size":"auto","background-attachment":"scroll","background-type":"","background-media":"","overlay-type":"","overlay-color":"","overlay-opacity":"","overlay-gradient":""},"mobile":{"background-color":"","background-image":"","background-repeat":"repeat","background-position":"center center","background-size":"auto","background-attachment":"scroll","background-type":"","background-media":"","overlay-type":"","overlay-color":"","overlay-opacity":"","overlay-gradient":""}},"ast-content-background-meta":{"desktop":{"background-color":"var(--ast-global-color-4)","background-image":"","background-repeat":"repeat","background-position":"center center","background-size":"auto","background-attachment":"scroll","background-type":"","background-media":"","overlay-type":"","overlay-color":"","overlay-opacity":"","overlay-gradient":""},"tablet":{"background-color":"var(--ast-global-color-4)","background-image":"","background-repeat":"repeat","background-position":"center center","background-size":"auto","background-attachment":"scroll","background-type":"","background-media":"","overlay-type":"","overlay-color":"","overlay-opacity":"","overlay-gradient":""},"mobile":{"background-color":"var(--ast-global-color-4)","background-image":"","background-repeat":"repeat","background-position":"center center","background-size":"auto","background-attachment":"scroll","background-type":"","background-media":"","overlay-type":"","overlay-color":"","overlay-opacity":"","overlay-gradient":""}}},"product_brand":[],"product_cat":[25],"product_tag":[43,94],"class_list":{"0":"post-422","1":"product","2":"type-product","3":"status-publish","4":"has-post-thumbnail","6":"product_cat-patrones","7":"product_tag-bunny","8":"product_tag-conejito","9":"desktop-align-left","10":"tablet-align-left","11":"mobile-align-left","13":"first","14":"instock","15":"downloadable","16":"virtual","17":"sold-individually","18":"purchasable","19":"product-type-simple"},"uagb_featured_image_src":{"full":["https:\/\/canelacrafty.com\/wp-content\/uploads\/2026\/03\/C6A858B4-29F2-4F3C-8750-442F916D9ED8-scaled.jpeg",1440,2560,false],"thumbnail":["https:\/\/canelacrafty.com\/wp-content\/uploads\/2026\/03\/C6A858B4-29F2-4F3C-8750-442F916D9ED8-150x150.jpeg",150,150,true],"medium":["https:\/\/canelacrafty.com\/wp-content\/uploads\/2026\/03\/C6A858B4-29F2-4F3C-8750-442F916D9ED8-169x300.jpeg",169,300,true],"medium_large":["https:\/\/canelacrafty.com\/wp-content\/uploads\/2026\/03\/C6A858B4-29F2-4F3C-8750-442F916D9ED8-768x1365.jpeg",768,1365,true],"large":["https:\/\/canelacrafty.com\/wp-content\/uploads\/2026\/03\/C6A858B4-29F2-4F3C-8750-442F916D9ED8-576x1024.jpeg",576,1024,true],"1536x1536":["https:\/\/canelacrafty.com\/wp-content\/uploads\/2026\/03\/C6A858B4-29F2-4F3C-8750-442F916D9ED8-864x1536.jpeg",864,1536,true],"2048x2048":["https:\/\/canelacrafty.com\/wp-content\/uploads\/2026\/03\/C6A858B4-29F2-4F3C-8750-442F916D9ED8-1152x2048.jpeg",1152,2048,true],"woocommerce_thumbnail":["https:\/\/canelacrafty.com\/wp-content\/uploads\/2026\/03\/C6A858B4-29F2-4F3C-8750-442F916D9ED8-300x300.jpeg",300,300,true],"woocommerce_single":["https:\/\/canelacrafty.com\/wp-content\/uploads\/2026\/03\/C6A858B4-29F2-4F3C-8750-442F916D9ED8-600x1067.jpeg",600,1067,true],"woocommerce_gallery_thumbnail":["https:\/\/canelacrafty.com\/wp-content\/uploads\/2026\/03\/C6A858B4-29F2-4F3C-8750-442F916D9ED8-100x100.jpeg",100,100,true],"dgwt-wcas-product-suggestion":["https:\/\/canelacrafty.com\/wp-content\/uploads\/2026\/03\/C6A858B4-29F2-4F3C-8750-442F916D9ED8-64x114.jpeg",64,114,true]},"uagb_author_info":{"display_name":"joyruizperez70@gmail.com","author_link":"https:\/\/canelacrafty.com\/?author=0"},"uagb_comment_info":0,"uagb_excerpt":"Idiomas: ESPA\u00d1OL - INGL\u00c9S\u00a0 Tama\u00f1o: \u00a018 cm\u00a0 Material: Chenille - 5.50 mm Dificultad: Principiante - Intermedio No incluye los outfits","jetpack_sharing_enabled":true,"_links":{"self":[{"href":"https:\/\/canelacrafty.com\/index.php?rest_route=\/wp\/v2\/product\/422","targetHints":{"allow":["GET"]}}],"collection":[{"href":"https:\/\/canelacrafty.com\/index.php?rest_route=\/wp\/v2\/product"}],"about":[{"href":"https:\/\/canelacrafty.com\/index.php?rest_route=\/wp\/v2\/types\/product"}],"replies":[{"embeddable":true,"href":"https:\/\/canelacrafty.com\/index.php?rest_route=%2Fwp%2Fv2%2Fcomments&post=422"}],"wp:featuredmedia":[{"embeddable":true,"href":"https:\/\/canelacrafty.com\/index.php?rest_route=\/wp\/v2\/media\/423"}],"wp:attachment":[{"href":"https:\/\/canelacrafty.com\/index.php?rest_route=%2Fwp%2Fv2%2Fmedia&parent=422"}],"wp:term":[{"taxonomy":"product_brand","embeddable":true,"href":"https:\/\/canelacrafty.com\/index.php?rest_route=%2Fwp%2Fv2%2Fproduct_brand&post=422"},{"taxonomy":"product_cat","embeddable":true,"href":"https:\/\/canelacrafty.com\/index.php?rest_route=%2Fwp%2Fv2%2Fproduct_cat&post=422"},{"taxonomy":"product_tag","embeddable":true,"href":"https:\/\/canelacrafty.com\/index.php?rest_route=%2Fwp%2Fv2%2Fproduct_tag&post=422"}],"curies":[{"name":"wp","href":"https:\/\/api.w.org\/{rel}","templated":true}]}}