{"id":439,"date":"2026-03-29T23:31:16","date_gmt":"2026-03-29T21:31:16","guid":{"rendered":"https:\/\/canelacrafty.com\/?post_type=product&#038;p=439"},"modified":"2026-03-29T23:49:29","modified_gmt":"2026-03-29T21:49:29","slug":"closet-conejito-ebook-8-en-1","status":"publish","type":"product","link":"https:\/\/canelacrafty.com\/?product=closet-conejito-ebook-8-en-1","title":{"rendered":"Closet Conejito &#8211; Ebook 8 en 1"},"content":{"rendered":"<ul>\n<li><span class=\"s2\">Patr\u00f3n Digital (PDF) con instrucciones paso a paso, fotos, tips y t\u00e9cnicas para realizar el amigurumi.<\/span><\/li>\n<li>\n<p class=\"p1\"><span class=\"s1\">Incluye:<\/span><\/p>\n<p class=\"p1\"><span class=\"s1\">\u2022 Patr\u00f3n del conejito<\/span><\/p>\n<p class=\"p1\"><span class=\"s1\">\u2022 5 outfits \u00fanicos<\/span><\/p>\n<p class=\"p1\"><span class=\"s1\">\u2022 3 mini patrones:<\/span><\/p>\n<p class=\"p1\"><span class=\"s1\">\u2003\ud83e\uddf8 Osito<\/span><\/p>\n<p class=\"p1\"><span class=\"s1\">\u2003\ud83c\udf44 Cartera de honguito<\/span><\/p>\n<p class=\"p1\"><span class=\"s1\">\u2003\ud83d\udc1d Cartera de abejita<\/span><\/p>\n<\/li>\n<li><span class=\"s2\">El precio corresponde al archivo digital (no al producto f\u00edsico)\u00a0<\/span><\/li>\n<li><span class=\"s2\">Al comprar un archivo digital en PREVENTA est\u00e1s aceptando recibir el mismo en la fecha anunciada en la informaci\u00f3n de la preventa (sin excepciones)<\/span><\/li>\n<li><span class=\"s2\">No se realizan cambios, devoluciones ni reembolsos por errores de compra.<\/span><\/li>\n<li><span class=\"s2\">No est\u00e1 permitido modificar o traducir el contenido digital de este archivo bajo ninguna circunstancia.<\/span><\/li>\n<li><span class=\"s2\">Puedes vender tus gumis terminados (productos f\u00edsicos) siempre y cuando des los cr\u00e9ditos correspondientes a Canela Crafty como dise\u00f1adora.<\/span><\/li>\n<\/ul>\n","protected":false},"excerpt":{"rendered":"<ul class=\"ul1\">\n<li class=\"li1\"><span class=\"s2\">Idiomas: ESPA\u00d1OL<\/span><\/li>\n<li class=\"li1\"><span class=\"s2\">Tama\u00f1o: \u00a025 cm<\/span><\/li>\n<li class=\"li1\"><span class=\"s2\">Material: Chenille &#8211; 5.50 mm<\/span><\/li>\n<li class=\"li1\"><span class=\"s2\">Dificultad: Intermedio<\/span><\/li>\n<\/ul>\n","protected":false},"featured_media":424,"comment_status":"open","ping_status":"closed","template":"","meta":{"_uag_custom_page_level_css":"","site-sidebar-layout":"default","site-content-layout":"","ast-site-content-layout":"default","site-content-style":"default","site-sidebar-style":"default","ast-global-header-display":"","ast-banner-title-visibility":"","ast-main-header-display":"","ast-hfb-above-header-display":"","ast-hfb-below-header-display":"","ast-hfb-mobile-header-display":"","site-post-title":"","ast-breadcrumbs-content":"","ast-featured-img":"","footer-sml-layout":"","ast-disable-related-posts":"","theme-transparent-header-meta":"default","adv-header-id-meta":"","stick-header-meta":"","header-above-stick-meta":"","header-main-stick-meta":"","header-below-stick-meta":"","astra-migrate-meta-layouts":"set","ast-page-background-enabled":"default","ast-page-background-meta":{"desktop":{"background-color":"var(--ast-global-color-5)","background-image":"","background-repeat":"repeat","background-position":"center center","background-size":"auto","background-attachment":"scroll","background-type":"","background-media":"","overlay-type":"","overlay-color":"","overlay-opacity":"","overlay-gradient":""},"tablet":{"background-color":"","background-image":"","background-repeat":"repeat","background-position":"center center","background-size":"auto","background-attachment":"scroll","background-type":"","background-media":"","overlay-type":"","overlay-color":"","overlay-opacity":"","overlay-gradient":""},"mobile":{"background-color":"","background-image":"","background-repeat":"repeat","background-position":"center center","background-size":"auto","background-attachment":"scroll","background-type":"","background-media":"","overlay-type":"","overlay-color":"","overlay-opacity":"","overlay-gradient":""}},"ast-content-background-meta":{"desktop":{"background-color":"var(--ast-global-color-4)","background-image":"","background-repeat":"repeat","background-position":"center center","background-size":"auto","background-attachment":"scroll","background-type":"","background-media":"","overlay-type":"","overlay-color":"","overlay-opacity":"","overlay-gradient":""},"tablet":{"background-color":"var(--ast-global-color-4)","background-image":"","background-repeat":"repeat","background-position":"center center","background-size":"auto","background-attachment":"scroll","background-type":"","background-media":"","overlay-type":"","overlay-color":"","overlay-opacity":"","overlay-gradient":""},"mobile":{"background-color":"var(--ast-global-color-4)","background-image":"","background-repeat":"repeat","background-position":"center center","background-size":"auto","background-attachment":"scroll","background-type":"","background-media":"","overlay-type":"","overlay-color":"","overlay-opacity":"","overlay-gradient":""}}},"product_brand":[],"product_cat":[25],"product_tag":[43,94],"class_list":{"0":"post-439","1":"product","2":"type-product","3":"status-publish","4":"has-post-thumbnail","6":"product_cat-patrones","7":"product_tag-bunny","8":"product_tag-conejito","9":"desktop-align-left","10":"tablet-align-left","11":"mobile-align-left","13":"first","14":"instock","15":"downloadable","16":"virtual","17":"sold-individually","18":"purchasable","19":"product-type-simple"},"uagb_featured_image_src":{"full":["https:\/\/canelacrafty.com\/wp-content\/uploads\/2026\/03\/IMG_0915-scaled.jpeg",1920,2560,false],"thumbnail":["https:\/\/canelacrafty.com\/wp-content\/uploads\/2026\/03\/IMG_0915-150x150.jpeg",150,150,true],"medium":["https:\/\/canelacrafty.com\/wp-content\/uploads\/2026\/03\/IMG_0915-225x300.jpeg",225,300,true],"medium_large":["https:\/\/canelacrafty.com\/wp-content\/uploads\/2026\/03\/IMG_0915-768x1024.jpeg",768,1024,true],"large":["https:\/\/canelacrafty.com\/wp-content\/uploads\/2026\/03\/IMG_0915-768x1024.jpeg",768,1024,true],"1536x1536":["https:\/\/canelacrafty.com\/wp-content\/uploads\/2026\/03\/IMG_0915-1152x1536.jpeg",1152,1536,true],"2048x2048":["https:\/\/canelacrafty.com\/wp-content\/uploads\/2026\/03\/IMG_0915-1536x2048.jpeg",1536,2048,true],"woocommerce_thumbnail":["https:\/\/canelacrafty.com\/wp-content\/uploads\/2026\/03\/IMG_0915-300x300.jpeg",300,300,true],"woocommerce_single":["https:\/\/canelacrafty.com\/wp-content\/uploads\/2026\/03\/IMG_0915-600x800.jpeg",600,800,true],"woocommerce_gallery_thumbnail":["https:\/\/canelacrafty.com\/wp-content\/uploads\/2026\/03\/IMG_0915-100x100.jpeg",100,100,true],"dgwt-wcas-product-suggestion":["https:\/\/canelacrafty.com\/wp-content\/uploads\/2026\/03\/IMG_0915-64x85.jpeg",64,85,true]},"uagb_author_info":{"display_name":"joyruizperez70@gmail.com","author_link":"https:\/\/canelacrafty.com\/?author=0"},"uagb_comment_info":0,"uagb_excerpt":"Idiomas: ESPA\u00d1OL Tama\u00f1o: \u00a025 cm Material: Chenille - 5.50 mm Dificultad: Intermedio","jetpack_sharing_enabled":true,"_links":{"self":[{"href":"https:\/\/canelacrafty.com\/index.php?rest_route=\/wp\/v2\/product\/439","targetHints":{"allow":["GET"]}}],"collection":[{"href":"https:\/\/canelacrafty.com\/index.php?rest_route=\/wp\/v2\/product"}],"about":[{"href":"https:\/\/canelacrafty.com\/index.php?rest_route=\/wp\/v2\/types\/product"}],"replies":[{"embeddable":true,"href":"https:\/\/canelacrafty.com\/index.php?rest_route=%2Fwp%2Fv2%2Fcomments&post=439"}],"wp:featuredmedia":[{"embeddable":true,"href":"https:\/\/canelacrafty.com\/index.php?rest_route=\/wp\/v2\/media\/424"}],"wp:attachment":[{"href":"https:\/\/canelacrafty.com\/index.php?rest_route=%2Fwp%2Fv2%2Fmedia&parent=439"}],"wp:term":[{"taxonomy":"product_brand","embeddable":true,"href":"https:\/\/canelacrafty.com\/index.php?rest_route=%2Fwp%2Fv2%2Fproduct_brand&post=439"},{"taxonomy":"product_cat","embeddable":true,"href":"https:\/\/canelacrafty.com\/index.php?rest_route=%2Fwp%2Fv2%2Fproduct_cat&post=439"},{"taxonomy":"product_tag","embeddable":true,"href":"https:\/\/canelacrafty.com\/index.php?rest_route=%2Fwp%2Fv2%2Fproduct_tag&post=439"}],"curies":[{"name":"wp","href":"https:\/\/api.w.org\/{rel}","templated":true}]}}