{"id":506,"date":"2026-03-30T01:13:27","date_gmt":"2026-03-29T23:13:27","guid":{"rendered":"https:\/\/canelacrafty.com\/?post_type=product&#038;p=506"},"modified":"2026-03-30T01:35:16","modified_gmt":"2026-03-29T23:35:16","slug":"flor-magica-rapunzel-patron-digital","status":"publish","type":"product","link":"https:\/\/canelacrafty.com\/?product=flor-magica-rapunzel-patron-digital","title":{"rendered":"Flor M\u00e1gica Rapunzel &#8211; Patr\u00f3n Digital"},"content":{"rendered":"<ul>\n<li><span class=\"s2\">Patr\u00f3n Digital (PDF) con instrucciones paso a paso, fotos, tips y t\u00e9cnicas para realizar la flor y su envoltura tipo bouquet<\/span><span class=\"s2\">.<\/span><\/li>\n<li><span style=\"font-size: 16px; -webkit-text-size-adjust: 100%;\">El precio corresponde al archivo digital (no al producto f\u00edsico)\u00a0<\/span><\/li>\n<li><span class=\"s2\">Al comprar un archivo digital en PREVENTA est\u00e1s aceptando recibir el mismo en la fecha anunciada en la informaci\u00f3n de la preventa (sin excepciones)<\/span><\/li>\n<li><span class=\"s2\">No se realizan cambios, devoluciones ni reembolsos por errores de compra.<\/span><\/li>\n<li><span class=\"s2\">No est\u00e1 permitido modificar o traducir el contenido digital de este archivo bajo ninguna circunstancia.<\/span><\/li>\n<li><span class=\"s2\">Puedes vender tus gumis terminados (productos f\u00edsicos) siempre y cuando des los cr\u00e9ditos correspondientes a Canela Crafty como dise\u00f1adora.<\/span><\/li>\n<\/ul>\n","protected":false},"excerpt":{"rendered":"<ul>\n<li><span class=\"s2\">Idiomas: ESPA\u00d1OL &#8211; INGL\u00c9S<\/span><\/li>\n<li><span class=\"s2\">Tama\u00f1o: \u00a030-35 cm<\/span><\/li>\n<li><span class=\"s2\">Material: Acr\u00edlico\/Algod\u00f3n &#8211; 3.50 mm<\/span><\/li>\n<li><span class=\"s2\">Dificultad: Intermedio<\/span><\/li>\n<\/ul>\n","protected":false},"featured_media":507,"comment_status":"open","ping_status":"closed","template":"","meta":{"_uag_custom_page_level_css":"","site-sidebar-layout":"default","site-content-layout":"","ast-site-content-layout":"default","site-content-style":"default","site-sidebar-style":"default","ast-global-header-display":"","ast-banner-title-visibility":"","ast-main-header-display":"","ast-hfb-above-header-display":"","ast-hfb-below-header-display":"","ast-hfb-mobile-header-display":"","site-post-title":"","ast-breadcrumbs-content":"","ast-featured-img":"","footer-sml-layout":"","ast-disable-related-posts":"","theme-transparent-header-meta":"default","adv-header-id-meta":"","stick-header-meta":"","header-above-stick-meta":"","header-main-stick-meta":"","header-below-stick-meta":"","astra-migrate-meta-layouts":"set","ast-page-background-enabled":"default","ast-page-background-meta":{"desktop":{"background-color":"var(--ast-global-color-5)","background-image":"","background-repeat":"repeat","background-position":"center center","background-size":"auto","background-attachment":"scroll","background-type":"","background-media":"","overlay-type":"","overlay-color":"","overlay-opacity":"","overlay-gradient":""},"tablet":{"background-color":"","background-image":"","background-repeat":"repeat","background-position":"center center","background-size":"auto","background-attachment":"scroll","background-type":"","background-media":"","overlay-type":"","overlay-color":"","overlay-opacity":"","overlay-gradient":""},"mobile":{"background-color":"","background-image":"","background-repeat":"repeat","background-position":"center center","background-size":"auto","background-attachment":"scroll","background-type":"","background-media":"","overlay-type":"","overlay-color":"","overlay-opacity":"","overlay-gradient":""}},"ast-content-background-meta":{"desktop":{"background-color":"var(--ast-global-color-4)","background-image":"","background-repeat":"repeat","background-position":"center center","background-size":"auto","background-attachment":"scroll","background-type":"","background-media":"","overlay-type":"","overlay-color":"","overlay-opacity":"","overlay-gradient":""},"tablet":{"background-color":"var(--ast-global-color-4)","background-image":"","background-repeat":"repeat","background-position":"center center","background-size":"auto","background-attachment":"scroll","background-type":"","background-media":"","overlay-type":"","overlay-color":"","overlay-opacity":"","overlay-gradient":""},"mobile":{"background-color":"var(--ast-global-color-4)","background-image":"","background-repeat":"repeat","background-position":"center center","background-size":"auto","background-attachment":"scroll","background-type":"","background-media":"","overlay-type":"","overlay-color":"","overlay-opacity":"","overlay-gradient":""}}},"product_brand":[],"product_cat":[25,33],"product_tag":[116,115,118,117],"class_list":{"0":"post-506","1":"product","2":"type-product","3":"status-publish","4":"has-post-thumbnail","6":"product_cat-patrones","7":"product_cat-pattern-eng","8":"product_tag-flor-magica","9":"product_tag-magic-flower","10":"product_tag-rapunzel","11":"product_tag-tangled","12":"desktop-align-left","13":"tablet-align-left","14":"mobile-align-left","16":"first","17":"instock","18":"downloadable","19":"virtual","20":"sold-individually","21":"purchasable","22":"product-type-simple"},"uagb_featured_image_src":{"full":["https:\/\/canelacrafty.com\/wp-content\/uploads\/2026\/03\/IMG_2373.jpeg",1290,2293,false],"thumbnail":["https:\/\/canelacrafty.com\/wp-content\/uploads\/2026\/03\/IMG_2373-150x150.jpeg",150,150,true],"medium":["https:\/\/canelacrafty.com\/wp-content\/uploads\/2026\/03\/IMG_2373-169x300.jpeg",169,300,true],"medium_large":["https:\/\/canelacrafty.com\/wp-content\/uploads\/2026\/03\/IMG_2373-768x1365.jpeg",768,1365,true],"large":["https:\/\/canelacrafty.com\/wp-content\/uploads\/2026\/03\/IMG_2373-576x1024.jpeg",576,1024,true],"1536x1536":["https:\/\/canelacrafty.com\/wp-content\/uploads\/2026\/03\/IMG_2373-864x1536.jpeg",864,1536,true],"2048x2048":["https:\/\/canelacrafty.com\/wp-content\/uploads\/2026\/03\/IMG_2373-1152x2048.jpeg",1152,2048,true],"woocommerce_thumbnail":["https:\/\/canelacrafty.com\/wp-content\/uploads\/2026\/03\/IMG_2373-300x300.jpeg",300,300,true],"woocommerce_single":["https:\/\/canelacrafty.com\/wp-content\/uploads\/2026\/03\/IMG_2373-600x1067.jpeg",600,1067,true],"woocommerce_gallery_thumbnail":["https:\/\/canelacrafty.com\/wp-content\/uploads\/2026\/03\/IMG_2373-100x100.jpeg",100,100,true],"dgwt-wcas-product-suggestion":["https:\/\/canelacrafty.com\/wp-content\/uploads\/2026\/03\/IMG_2373-64x114.jpeg",64,114,true]},"uagb_author_info":{"display_name":"joyruizperez70@gmail.com","author_link":"https:\/\/canelacrafty.com\/?author=0"},"uagb_comment_info":0,"uagb_excerpt":"Idiomas: ESPA\u00d1OL - INGL\u00c9S Tama\u00f1o: \u00a030-35 cm Material: Acr\u00edlico\/Algod\u00f3n - 3.50 mm Dificultad: Intermedio","jetpack_sharing_enabled":true,"_links":{"self":[{"href":"https:\/\/canelacrafty.com\/index.php?rest_route=\/wp\/v2\/product\/506","targetHints":{"allow":["GET"]}}],"collection":[{"href":"https:\/\/canelacrafty.com\/index.php?rest_route=\/wp\/v2\/product"}],"about":[{"href":"https:\/\/canelacrafty.com\/index.php?rest_route=\/wp\/v2\/types\/product"}],"replies":[{"embeddable":true,"href":"https:\/\/canelacrafty.com\/index.php?rest_route=%2Fwp%2Fv2%2Fcomments&post=506"}],"wp:featuredmedia":[{"embeddable":true,"href":"https:\/\/canelacrafty.com\/index.php?rest_route=\/wp\/v2\/media\/507"}],"wp:attachment":[{"href":"https:\/\/canelacrafty.com\/index.php?rest_route=%2Fwp%2Fv2%2Fmedia&parent=506"}],"wp:term":[{"taxonomy":"product_brand","embeddable":true,"href":"https:\/\/canelacrafty.com\/index.php?rest_route=%2Fwp%2Fv2%2Fproduct_brand&post=506"},{"taxonomy":"product_cat","embeddable":true,"href":"https:\/\/canelacrafty.com\/index.php?rest_route=%2Fwp%2Fv2%2Fproduct_cat&post=506"},{"taxonomy":"product_tag","embeddable":true,"href":"https:\/\/canelacrafty.com\/index.php?rest_route=%2Fwp%2Fv2%2Fproduct_tag&post=506"}],"curies":[{"name":"wp","href":"https:\/\/api.w.org\/{rel}","templated":true}]}}